{"id":3986,"date":"2020-09-26T14:23:32","date_gmt":"2020-09-26T12:23:32","guid":{"rendered":"https:\/\/soulkitchen.redsun.design\/demo2\/?page_id=3986"},"modified":"2026-03-19T02:30:55","modified_gmt":"2026-03-19T00:30:55","slug":"reserva-2","status":"publish","type":"page","link":"https:\/\/ryokovalencia.com\/en\/reserva-2\/","title":{"rendered":"Reserva tu mesa"},"content":{"rendered":"<div style=\"height:66px\" aria-hidden=\"true\" class=\"wp-block-spacer\"><\/div>\n\n\n\n<p><\/p>\n\n\n\n<div class=\"wp-block-columns is-layout-flex wp-container-core-columns-is-layout-9d6595d7 wp-block-columns-is-layout-flex\">\n<div class=\"wp-block-column is-layout-flow wp-block-column-is-layout-flow\" style=\"flex-basis:33.33%\">\n<p><strong>HORARIO<\/strong><\/p>\n\n\n\n<p>Martes a Jueves<br>13:30 a 15:30 y 20:30 a 23h<\/p>\n\n\n\n<p>Viernes y S\u00e1bado<\/p>\n\n\n\n<p>13:30 a 15:30 y 20:30 a 23:30h<\/p>\n\n\n\n<p>Domingos<br>13:30 a 15:30h<\/p>\n\n\n\n<p>Lunes cerrado<\/p>\n<\/div>\n\n\n\n<div class=\"wp-block-column is-layout-flow wp-block-column-is-layout-flow\" style=\"flex-basis:66.66%\">\n<script type=\"text\/javascript\"\n                                                                                        src=\"https:\/\/www.covermanager.com\/js\/iframeResizer\/iframeResizer.min.js\"><\/script><iframe loading=\"lazy\"\n                                                            id=\"restaurante-ryoko-nikkei-sushi-bar\" title=\"Reservas\"\n                                                            src=\"https:\/\/www.covermanager.com\/reservation\/module_restaurant\/restaurante-ryoko-nikkei-sushi-bar\/spanish\"\n                                                            allow=\"payment\" frameborder=\"0\" height=\"550\" width=\"100%\" onload=\"iFrameResize();\"><\/iframe>\n                                                            \n<\/div>\n<\/div>\n\n\n\n<p class=\"has-text-align-center has-black-color has-text-color has-link-color wp-elements-07cd21b37800072a02615d90727a274e\">En caso de no poder hacer la reserva, llamar para saber disponibilidad<\/p>\n\n\n\n<p class=\"has-text-align-center\"><strong>NOTA: En caso de algun retraso no comunicado al restaurante por un periodo de 15min o mas sin notificaci\u00f3n el equipo Ryoko se reserva el derecho de usar la mesa para otra reserva<\/strong>; <\/p>\n\n\n\n<p class=\"has-text-align-center\"><strong>Importante: Para reservas de m\u00e1s de 5 personas, ofrecemos un men\u00fa degustaci\u00f3n. Por favor, consulte disponibilidad.<\/strong><\/p>\n\n\n\n<p><\/p>","protected":false},"excerpt":{"rendered":"HORARIO Martes a Jueves13:30 a 15:30 y 20:30 a 23h Viernes y S\u00e1bado 13:30 a 15:30 y 20:30 a 23:30h Domingos13:30 a 15:30h Lunes","protected":false},"author":1,"featured_media":13826,"parent":0,"menu_order":40,"comment_status":"closed","ping_status":"closed","template":"","meta":{"footnotes":""},"class_list":["post-3986","page","type-page","status-publish","has-post-thumbnail","hentry"],"_links":{"self":[{"href":"https:\/\/ryokovalencia.com\/en\/wp-json\/wp\/v2\/pages\/3986","targetHints":{"allow":["GET"]}}],"collection":[{"href":"https:\/\/ryokovalencia.com\/en\/wp-json\/wp\/v2\/pages"}],"about":[{"href":"https:\/\/ryokovalencia.com\/en\/wp-json\/wp\/v2\/types\/page"}],"author":[{"embeddable":true,"href":"https:\/\/ryokovalencia.com\/en\/wp-json\/wp\/v2\/users\/1"}],"replies":[{"embeddable":true,"href":"https:\/\/ryokovalencia.com\/en\/wp-json\/wp\/v2\/comments?post=3986"}],"version-history":[{"count":1,"href":"https:\/\/ryokovalencia.com\/en\/wp-json\/wp\/v2\/pages\/3986\/revisions"}],"predecessor-version":[{"id":14334,"href":"https:\/\/ryokovalencia.com\/en\/wp-json\/wp\/v2\/pages\/3986\/revisions\/14334"}],"wp:featuredmedia":[{"embeddable":true,"href":"https:\/\/ryokovalencia.com\/en\/wp-json\/wp\/v2\/media\/13826"}],"wp:attachment":[{"href":"https:\/\/ryokovalencia.com\/en\/wp-json\/wp\/v2\/media?parent=3986"}],"curies":[{"name":"wp","href":"https:\/\/api.w.org\/{rel}","templated":true}]}}