{"id":1968,"date":"2020-06-28T16:24:58","date_gmt":"2020-06-28T14:24:58","guid":{"rendered":"http:\/\/redhost:8888\/soulkitchen\/?page_id=1961"},"modified":"2023-05-15T18:12:10","modified_gmt":"2023-05-15T16:12:10","slug":"regala-ryoko","status":"publish","type":"page","link":"https:\/\/ryokovalencia.com\/en\/regala-ryoko\/","title":{"rendered":"Regala Ryok\u014d"},"content":{"rendered":"<p class=\"has-text-align-center\">Regala una experiencia<\/p>\n\n\n\n<div style=\"height:52px\" aria-hidden=\"true\" class=\"wp-block-spacer\"><\/div>\n\n\n\n\t<section id=\"contentboxes-mb-block-6a5abb31-4a93-42e2-ba46-53a5a184f60d\" class=\"section section-contentboxes  alignfull\">\n\n\t\t<div class=\"contentboxes-wrap none\"  style=\"background-color:rgba(0,0,0,1)\"  >\n\t\t\t\t\t<div class=\"contentboxes-masonry\">\n\n\t\t\t\t<div class=\"grid-sizer-contentboxes\"><\/div>\n\n\t\t\t\t\n\t\t\t\t<div class=\"content-box-1351 contentboxes-image-wrap bg-image half-width square mobile-square   content-white no-vertical-text has-content cb-mobile-content-leave cb-mobile-content-vertical-leave\"  data-aos=\"fade-up\" data-aos-delay=\"100\"   >\n\n\t\t\t\t\t<div class=\"contentboxes-image-wrap-inner\">\n\n\t\t\t\t\t\n\t\t\t\t\t\t<div class=\"contentboxes-zoom-wrap\">\n\t\t\t\t\t\t\n\t\t\t\t\t\t\t\t\t\t\t\t\t<div class=\"contentboxbgimage\" style=\"background-image: url(https:\/\/ryokovalencia.com\/wp-content\/uploads\/2023\/04\/BTL_Sesion-Fotografica_Ryoko-18.jpg);\"><\/div> \n\t\t\t\t\t\t\t\t\t\t\t\t<div class=\"contentbox-overlay  has-gradient gradient-contentboxes-content-middle\" >\n\t\t\t\t\t\t\n\t\t\t\t\t\t\t<div class=\"contentboxes-content-wrap centered-content contentboxes-content-center contentboxes-content-middle\"  >\n\n\t\t\t\t\t\t\t\t\t\t\t\t\t\t\t\t<div class=\"contentboxes-content section-content\">\n\t\t\t\t\t\t\t\t\t\t\t\t\t\t\t\t\t\t\t\t\t\t\t\t\t\t\t\t\t\t\t\t\t\t                \t<h4  style=\"letter-spacing:8px\" class=\"contentboxes-content-item contentboxes-title\"  data-aos=\"slide-up\"  >Experiencia gastron\u00f3mica<\/h4>\n\t\t\t\t\t\t\t                \t\t\t\t\t\t\t                \t\t\t\t\t\t\t                \t\t\t\t\t\t\t                \t\t\t\t\t\t        \t<\/div>\n\t\t\t\t\t\t        \t\n\t\t\t\t\t\t\t\t\t\t\t\t\t\t<\/div>\n\t\t\t\t\t\t\t\t\t\t\t\t\t\n\t\t\t\t\t\t<\/div>\n\t\t\t\t\t<\/div>\n\t\t\t\t\t<\/div>\n\n\t\t\t\t\t\t   \t \n\t\t\t\t<\/div>\n\t\t\t\t\t\n\t\t\t\n\t\t\t\t<div class=\"content-box- contentboxes-image-wrap bg-color half-width square mobile-uncropped    no-vertical-text has-content cb-mobile-content-leave cb-mobile-content-vertical-leave\"  data-aos=\"fade-up\" data-aos-delay=\"200\"   >\n\n\t\t\t\t\t<div class=\"contentboxes-image-wrap-inner\">\n\n\t\t\t\t\t\n\t\t\t\t\t\t<div class=\"contentboxes-zoom-wrap\">\n\t\t\t\t\t\t\n\t\t\t\t\t\t\n\t\t\t\t\t\t\n\t\t\t\t\t\t\t<div class=\"contentboxes-content-wrap centered-content contentboxes-content-center contentboxes-content-middle\"  style=\"background-color: #f6f6f9\"  >\n\n\t\t\t\t\t\t\t\t\t\t\t\t\t\t\t\t<div class=\"contentboxes-content section-content\">\n\t\t\t\t\t\t\t\t\t\t\t\t\t\t\t\t\t\t\t\t\t\t\t\t\t\t\t\t<div class=\"contentboxes-content-item contentboxes-subtitle subtitle-above use-body-font\"  data-aos=\"fade-down\" data-aos-delay=\"100\"  >disfruta de una experiencia ryok\u014d<\/div>\n\t\t\t\t\t\t\t\t\t\t\t\t\t\t\t\t\t\t\t\t\t\t\t\t\t                \t<h2  class=\"contentboxes-content-item contentboxes-title\"  data-aos=\"slide-up\"  >Viaja con nosotros<\/h2>\n\t\t\t\t\t\t\t                \t\t\t\t\t\t\t                \t\t\t\t\t\t\t                \t\t\t\t\t\t\t                \t<div class=\"contentboxes-content-item contentboxes-text\"  data-aos=\"fade-right\" data-aos-delay=\"340\"  >Entre mil y un viajes, existe uno que te gu\u00eda por las calles de las texturas, por el museo de los sabores y acaba con la felicidad en la punta de la lengua.<br><br>\r\n\r\nLa tarjeta de regalo de Ryok\u014d consiste en poder disfrutar del valor indicado en la misma, de una cena o comida.<br><br>\r\n\r\nEst\u00e1 en tus manos decidir con cuantas personas quieres compartir la experiencia.<br><br>\r\n\r\nEl importe de la tarjeta ha de ser gastado en una \u00fanica ocasi\u00f3n. <br><br>\r\n\r\nNo se hacen devoluciones ni de una parte ni de la totalidad de la tarjeta.<br>\r\n\r\nEs imprescindible reservar, avisar al personal del restaurante que se dispone de una tarjeta regalo y llevarla f\u00edsicamente al local a la hora de disfrutar de ella.<br><br>\r\n<\/div>\n\t\t\t\t\t\t\t                \t\t\t\t\t\t\t                \t\t\t\t\t\t        \t<\/div>\n\t\t\t\t\t\t        \t\n\t\t\t\t\t\t\t\t\t\t\t\t\t\n\t\t\t\t\t\t<\/div>\n\t\t\t\t\t<\/div>\n\t\t\t\t\t<\/div>\n\n\t\t\t\t\t\t   \t \n\t\t\t\t<\/div>\n\t\t\t\t\t\n\t\t\t\t\t\t<\/div>\n\t\t\t\t<\/div>\n\n\t<\/section> \n\n\n\n\n<div style=\"height:60px\" aria-hidden=\"true\" class=\"wp-block-spacer\"><\/div>\n\n\n\n<blockquote class=\"wp-block-quote is-layout-flow wp-block-quote-is-layout-flow\">\n<p class=\"has-normal-font-size\"><strong>Tu espacio gastron\u00f3mico donde podr\u00e1s disfrutar de un ambiente agradable, divertido y confortable, mientras saboreas nuestros platos basados en la tradici\u00f3n, el producto y la fusi\u00f3n de sabores. Todo ello acompa\u00f1ado por nuestra variada carta de vinos y el mejor trato personal.<\/strong><\/p>\n<cite>RYOK\u014d<\/cite><\/blockquote>\n\n\n\n<div class=\"wp-block-columns alignfull are-vertically-aligned-center is-layout-flex wp-container-core-columns-is-layout-9d6595d7 wp-block-columns-is-layout-flex\">\n<div class=\"wp-block-column is-vertically-aligned-center is-layout-flow wp-block-column-is-layout-flow\">\n<iframe src=\"https:\/\/www.google.com\/maps\/embed?pb=!1m18!1m12!1m3!1d3080.1631400092733!2d-0.36863625150718154!3d39.46564302179045!2m3!1f0!2f0!3f0!3m2!1i1024!2i768!4f13.1!3m3!1m2!1s0xd6049e6d2c541e9%3A0x46e0105bb8ab2301!2sRyok%C5%8D%20-%20Nikkei%20Sushi%20Bar!5e0!3m2!1ses!2ses!4v1683283259993!5m2!1ses!2ses\" width=\"900\" height=\"500\" style=\"border:0;\" allowfullscreen=\"\" loading=\"lazy\" referrerpolicy=\"no-referrer-when-downgrade\"><\/iframe>\n<\/div>\n\n\n\n<div class=\"wp-block-column is-vertically-aligned-center is-layout-flow wp-block-column-is-layout-flow\">\n<h2 class=\"wp-block-heading has-text-align-center\" id=\"find-us\">Encu\u00e9ntranos<\/h2>\n\n\n\n<p class=\"has-text-align-center\"><br>Calle ciscar 49, Valencia 46005<\/p>\n\n\n\n<p class=\"has-text-align-center\"><strong>Tel. <\/strong><a href=\"tel:+34960491947\" title=\"\">960 491 947<\/a><\/p>\n\n\n\n<p class=\"has-text-align-center\"><a href=\"mailto:ryokococinacreativa@gmail.com\">ryokococinacreativa@gmail.com<\/a><\/p>\n\n\n\n<div style=\"height:24px\" aria-hidden=\"true\" class=\"wp-block-spacer\"><\/div>\n\n\n\n<p class=\"has-text-align-center\"><strong>HORARIO<\/strong><\/p>\n\n\n\n<p class=\"has-text-align-center\"><strong>Martes a Jueves<\/strong> 13:30 a 15:30 y 20:30 a 23h<\/p>\n\n\n\n<p class=\"has-text-align-center\"><strong>Viernes y S\u00e1bado<\/strong> 13:30 a 15:30 y 20:30 a 23:30h<\/p>\n\n\n\n<p class=\"has-text-align-center\"><strong>Domingos<\/strong> \u2013 13:30 a 15:30h<\/p>\n\n\n\n<p class=\"has-text-align-center\"><strong>Lunes \u2013 Cerrado<\/strong><\/p>\n<\/div>\n<\/div>","protected":false},"excerpt":{"rendered":"Regala una experiencia Tu espacio gastron\u00f3mico donde podr\u00e1s disfrutar de un ambiente agradable, divertido y confortable, mientras saboreas nuestros platos basados en la tradici\u00f3n,","protected":false},"author":1,"featured_media":0,"parent":0,"menu_order":36,"comment_status":"closed","ping_status":"closed","template":"","meta":{"footnotes":""},"class_list":["post-1968","page","type-page","status-publish","hentry"],"_links":{"self":[{"href":"https:\/\/ryokovalencia.com\/en\/wp-json\/wp\/v2\/pages\/1968","targetHints":{"allow":["GET"]}}],"collection":[{"href":"https:\/\/ryokovalencia.com\/en\/wp-json\/wp\/v2\/pages"}],"about":[{"href":"https:\/\/ryokovalencia.com\/en\/wp-json\/wp\/v2\/types\/page"}],"author":[{"embeddable":true,"href":"https:\/\/ryokovalencia.com\/en\/wp-json\/wp\/v2\/users\/1"}],"replies":[{"embeddable":true,"href":"https:\/\/ryokovalencia.com\/en\/wp-json\/wp\/v2\/comments?post=1968"}],"version-history":[{"count":1,"href":"https:\/\/ryokovalencia.com\/en\/wp-json\/wp\/v2\/pages\/1968\/revisions"}],"predecessor-version":[{"id":14330,"href":"https:\/\/ryokovalencia.com\/en\/wp-json\/wp\/v2\/pages\/1968\/revisions\/14330"}],"wp:attachment":[{"href":"https:\/\/ryokovalencia.com\/en\/wp-json\/wp\/v2\/media?parent=1968"}],"curies":[{"name":"wp","href":"https:\/\/api.w.org\/{rel}","templated":true}]}}