{"id":13589,"date":"2023-12-04T11:03:01","date_gmt":"2023-12-04T09:03:01","guid":{"rendered":"https:\/\/ryokovalencia.com\/?page_id=13589"},"modified":"2026-05-04T15:08:02","modified_gmt":"2026-05-04T13:08:02","slug":"menu-mediodia","status":"publish","type":"page","link":"https:\/\/ryokovalencia.com\/en\/menu-mediodia\/","title":{"rendered":"Men\u00fa Degustaci\u00f3n Mediod\u00eda"},"content":{"rendered":"<p class=\"has-text-align-center\"><strong>26,00 \u20ac<\/strong><\/p>\n\n\n\n<hr class=\"wp-block-separator has-alpha-channel-opacity\"\/>\n\n\n\n<p class=\"has-text-align-center\"><strong>ENTRANTES<\/strong><\/p>\n\n\n\n<p class=\"has-text-align-center\">Causa al Olivo<\/p>\n\n\n\n<p class=\"has-text-align-center\">Tartar Nikkei<\/p>\n\n\n\n<hr class=\"wp-block-separator has-alpha-channel-opacity\"\/>\n\n\n\n<p class=\"has-text-align-center\"><strong>SUSHI<\/strong><\/p>\n\n\n\n<p class=\"has-text-align-center\">Sushi Omakase (cuatro piezas)<\/p>\n\n\n\n<p class=\"has-text-align-center\"><strong>PRINCIPALES A ELEGIR<\/strong><\/p>\n\n\n\n<p class=\"has-text-align-center\">Costilla de cerdo en salsa de Asahi con crema de boniato<\/p>\n\n\n\n<p class=\"has-text-align-center\">Jalea Acevichada de pescado<\/p>\n\n\n\n<p class=\"has-text-align-center\">\u00f3<\/p>\n\n\n\n<p class=\"has-text-align-center\">Chaufa Verde Norte\u00f1o<\/p>\n\n\n\n<hr class=\"wp-block-separator has-alpha-channel-opacity\"\/>\n\n\n\n<p class=\"has-text-align-center\"><strong>POSTRE O CAF\u00c9<\/strong><\/p>\n\n\n\n<p class=\"has-text-align-center\">Helado Casero (chocolate o leche condensada)<\/p>\n\n\n\n<p class=\"has-text-align-center\"><strong>NO incluye bebida <\/strong><\/p>\n\n\n\n<p class=\"has-text-align-center\"><strong>Disponibilidad de Martes a Viernes de 13:30 a 15:00 sin excepciones<\/strong><\/p>\n\n\n\n<p class=\"has-text-align-center\"><strong>NOTA: A MESA COMPLETA<\/strong><\/p>\n\n\n\n<hr class=\"wp-block-separator has-alpha-channel-opacity\"\/>\n\n\n\n<div class=\"wp-block-buttons is-content-justification-center is-layout-flex wp-container-core-buttons-is-layout-16018d1d wp-block-buttons-is-layout-flex\">\n<div class=\"wp-block-button is-style-fill\"><a class=\"wp-block-button__link has-white-color has-text-color has-link-color wp-element-button\" href=\"https:\/\/ryokovalencia.com\/en\/reserva-2\/\" rel=\"https:\/\/ryokovalencia.com\/reserva-2\/\">RESERVAR MESA<\/a><\/div>\n<\/div>","protected":false},"excerpt":{"rendered":"26,00 \u20ac ENTRANTES Causa al Olivo Tartar Nikkei SUSHI Sushi Omakase (cuatro piezas) PRINCIPALES A ELEGIR Costilla de cerdo en salsa de Asahi con","protected":false},"author":1,"featured_media":0,"parent":0,"menu_order":0,"comment_status":"closed","ping_status":"closed","template":"","meta":{"footnotes":""},"class_list":["post-13589","page","type-page","status-publish","hentry"],"_links":{"self":[{"href":"https:\/\/ryokovalencia.com\/en\/wp-json\/wp\/v2\/pages\/13589","targetHints":{"allow":["GET"]}}],"collection":[{"href":"https:\/\/ryokovalencia.com\/en\/wp-json\/wp\/v2\/pages"}],"about":[{"href":"https:\/\/ryokovalencia.com\/en\/wp-json\/wp\/v2\/types\/page"}],"author":[{"embeddable":true,"href":"https:\/\/ryokovalencia.com\/en\/wp-json\/wp\/v2\/users\/1"}],"replies":[{"embeddable":true,"href":"https:\/\/ryokovalencia.com\/en\/wp-json\/wp\/v2\/comments?post=13589"}],"version-history":[{"count":4,"href":"https:\/\/ryokovalencia.com\/en\/wp-json\/wp\/v2\/pages\/13589\/revisions"}],"predecessor-version":[{"id":14348,"href":"https:\/\/ryokovalencia.com\/en\/wp-json\/wp\/v2\/pages\/13589\/revisions\/14348"}],"wp:attachment":[{"href":"https:\/\/ryokovalencia.com\/en\/wp-json\/wp\/v2\/media?parent=13589"}],"curies":[{"name":"wp","href":"https:\/\/api.w.org\/{rel}","templated":true}]}}